{"id":664,"date":"2024-07-23T23:45:44","date_gmt":"2024-07-23T23:45:44","guid":{"rendered":"https:\/\/cisca.ualg.pt\/?page_id=664"},"modified":"2024-07-23T23:51:40","modified_gmt":"2024-07-23T23:51:40","slug":"projeto-non-conspira-hate","status":"publish","type":"page","link":"https:\/\/cisca.ualg.pt\/index.php\/projeto-non-conspira-hate\/","title":{"rendered":"Projeto NON-CONSPIRA-HATE!"},"content":{"rendered":"\n<div class=\"wp-block-columns is-layout-flex wp-container-core-columns-is-layout-28f84493 wp-block-columns-is-layout-flex\">\n<div class=\"wp-block-column is-layout-flow wp-block-column-is-layout-flow\">\n<h2 class=\"wp-block-heading\">Teorias de conspira\u00e7\u00e3o e discurso de \u00f3dio online: Comparac\u00e3o de padr\u00f5es em narrativas e redes sociais sobre COVID-19, imigrantes, refugiados y pessoas LGBTI<\/h2>\n\n\n\n<h2 class=\"wp-block-heading\"><br><\/h2>\n<\/div>\n<\/div>\n\n\n\n<p>O projecto&nbsp;<strong>NON-CONSPIRA-HATE!<\/strong>&nbsp;envolve  investigadores de v\u00e1rios pa\u00edses e universidades, com ampla experi\u00eancia em cinco pa\u00edses (Espanha, It\u00e1lia, Portugal, Argentina e Ecuador). o projeto tem como objetivo detetar e mapear automaticamente narrativas de discurso de \u00f3dio nas redes sociais contra refugiados, imigrantes e pessoas LGBTI (como grupos vulner\u00e1veis e discriminados) e vinculadas \u00e0s teorias de conspira\u00e7\u00e3o negacionistas e anti-vacinas do COVID-19. Visa comparar padr\u00f5es de comunica\u00e7\u00e3o nas redes sociais e as estrat\u00e9gias empregues por grupos extremistas que promovem o \u00f3dio sob a hip\u00f3teses de que as teorias da conspira\u00e7\u00e3o y \u00f3dio online t\u00eam por vezes ra\u00edzes comuns.&nbsp;<\/p>\n\n\n\n<p>Com o apoio de estrat\u00e9gias de Big Data, an\u00e1lises de redes sociais e an\u00e1lises quantitativo y qualitativo (m\u00e9todos mixtos), o projeto desenvolver\u00e1 ferramentas para a recolha e an\u00e1lises comparativo de diferentes conjuntos de dados (COVID-19, imigrantes e refugiados, pessoas LGBTI).&nbsp;<\/p>\n\n\n\n<p>Estos objetivos s\u00e3o chave porque hoje frequentemente difunde-se informa\u00e7\u00e3o falsa sobre a pandemia, assim como express\u00f5es racistas, xen\u00f3fobas e outro tipo de intoler\u00e2ncia e \u00f3dio contra refugiados, imigrantes o pessoas LGBTI nas redes sociais. Embora no sejam novas na  hist\u00f3ria da Humanidade, as teorias de la conspira\u00e7\u00e3o tem-se estendido intensamente nos \u00faltimos anos, gracias ao alto-falante providenciado por redes sociais como Twitter, Facebook, Instagram e outras. Recentemente, institui\u00e7\u00f5es internacionais y europeias t\u00eam alertado sobre o incremento express\u00f5es de \u00f3dio e intoler\u00e2ncia contra diferentes minorias durante a pandemia de COVID-19 (Conselho de Europa, 2021). Em 2020 a popula\u00e7\u00e3o asi\u00e1tica, refugiados, imigrantes, ciganos, mulheres, judeus e pessoas LGBTI, entre outros, foram alvo de express\u00f5es de \u00f3dio, culpando-os em ocasi\u00f5es da pandemia (Comiss\u00e3o Europeia contra o Racismo e a Intoler\u00e2ncia, 2021). A ret\u00f3rica do \u00f3dio nas redes sociais e, por vezes, a viol\u00eancia ou os incidentes de \u00f3dio y os delitos na vida quotidiana agravam a vulnerabilidade e a priva\u00e7\u00e3o dos direitos de algumas minorias devido \u00e0 sua componente de racismo, islamofobia, anti-semitismo, homofobia e transfobia.<\/p>\n\n\n\n<p>Nste contexto, e devido \u00e0 grande quantidade de informa\u00e7\u00e3o que flui atrav\u00e9s das redes, \u00e9 essencial contar com t\u00e9cnicas e ferramentas baseadas em intelig\u00eancia artificial capazes de descobrir de maneira eficiente expresis\u00f5es de \u00f3dio e intoler\u00e2ncia e informa\u00e7\u00e3o falsa destinada a gerar rejei\u00e7\u00e3o contra os principais grupos vulner\u00e1veis. Atualmente, \u00e9 um dos reptos mais importantes nas Ciencias da Computa\u00e7\u00e3o e Processamento da Linguagem Natural. A descoberta autom\u00e1tica desta informac\u00e3o entre uma monta\u00f1a de dados existentes permitir\u00e1 aos profissionais das Ciencias Sociais, Humanas y da Salud otimizar a su investiga\u00e7\u00e3o e melhorar as suas a\u00e7\u00f5es de preven\u00e7\u00e3o e interven\u00e7\u00e3o social.<\/p>\n\n\n\n<p>Este projeto inclui atividades ben\u00e9ficas para previr e combater as teorias da conspira\u00e7\u00e3o e o discurso de \u00f3dio online na sociedade. Criar\u00e1 e desenvolver\u00e1 novo conhecimento cient\u00edfico-tecnol\u00f3gico, e far\u00e1 com que as ferramentas e o conhecimento resultantes estejam abertos a stakeholders y cidad\u00e3os atrav\u00e9s de uma web (dashboard), um curso online e diversas publica\u00e7\u00f5es cient\u00edficas e t\u00e9cnicas. O Projecto divulgar\u00e1 os resultados entre o p\u00fablico local, nacional e internacional (Ciencia Abierta) e desenhar\u00e1 um plano de transfer\u00eancia de conhecimento e sustentabilidade para um impacto social maior.<\/p>\n","protected":false},"excerpt":{"rendered":"<p>Teorias de conspira\u00e7\u00e3o e discurso de \u00f3dio online: Comparac\u00e3o de padr\u00f5es em narrativas e redes sociais sobre COVID-19, imigrantes, refugiados y pessoas LGBTI O projecto&nbsp;NON-CONSPIRA-HATE!&nbsp;envolve investigadores de v\u00e1rios pa\u00edses e universidades, com ampla experi\u00eancia em cinco pa\u00edses (Espanha, It\u00e1lia, Portugal, Argentina e Ecuador). o projeto tem como objetivo detetar e mapear automaticamente narrativas de discurso [&hellip;]<\/p>\n","protected":false},"author":3,"featured_media":0,"parent":0,"menu_order":0,"comment_status":"closed","ping_status":"closed","template":"","meta":{"_themeisle_gutenberg_block_has_review":false,"footnotes":""},"class_list":["post-664","page","type-page","status-publish","hentry"],"_links":{"self":[{"href":"https:\/\/cisca.ualg.pt\/index.php\/wp-json\/wp\/v2\/pages\/664","targetHints":{"allow":["GET"]}}],"collection":[{"href":"https:\/\/cisca.ualg.pt\/index.php\/wp-json\/wp\/v2\/pages"}],"about":[{"href":"https:\/\/cisca.ualg.pt\/index.php\/wp-json\/wp\/v2\/types\/page"}],"author":[{"embeddable":true,"href":"https:\/\/cisca.ualg.pt\/index.php\/wp-json\/wp\/v2\/users\/3"}],"replies":[{"embeddable":true,"href":"https:\/\/cisca.ualg.pt\/index.php\/wp-json\/wp\/v2\/comments?post=664"}],"version-history":[{"count":7,"href":"https:\/\/cisca.ualg.pt\/index.php\/wp-json\/wp\/v2\/pages\/664\/revisions"}],"predecessor-version":[{"id":675,"href":"https:\/\/cisca.ualg.pt\/index.php\/wp-json\/wp\/v2\/pages\/664\/revisions\/675"}],"wp:attachment":[{"href":"https:\/\/cisca.ualg.pt\/index.php\/wp-json\/wp\/v2\/media?parent=664"}],"curies":[{"name":"wp","href":"https:\/\/api.w.org\/{rel}","templated":true}]}}