{"id":556,"date":"2024-05-14T10:03:21","date_gmt":"2024-05-14T10:03:21","guid":{"rendered":"https:\/\/cisca.ualg.pt\/?page_id=556"},"modified":"2024-05-14T12:38:42","modified_gmt":"2024-05-14T12:38:42","slug":"projeto-attentia","status":"publish","type":"page","link":"https:\/\/cisca.ualg.pt\/index.php\/projeto-attentia\/","title":{"rendered":"Projeto ATTENTIA"},"content":{"rendered":"\n<figure class=\"wp-block-image alignright size-large is-resized\"><img loading=\"lazy\" decoding=\"async\" width=\"824\" height=\"1024\" src=\"https:\/\/cisca.ualg.pt\/wp-content\/uploads\/2024\/05\/LogoPT_interreg-1-824x1024.png\" alt=\"\" class=\"wp-image-575\" style=\"width:175px;height:auto\" srcset=\"https:\/\/cisca.ualg.pt\/wp-content\/uploads\/2024\/05\/LogoPT_interreg-1-824x1024.png 824w, https:\/\/cisca.ualg.pt\/wp-content\/uploads\/2024\/05\/LogoPT_interreg-1-241x300.png 241w, https:\/\/cisca.ualg.pt\/wp-content\/uploads\/2024\/05\/LogoPT_interreg-1-768x955.png 768w, https:\/\/cisca.ualg.pt\/wp-content\/uploads\/2024\/05\/LogoPT_interreg-1.png 1200w\" sizes=\"auto, (max-width: 824px) 100vw, 824px\" \/><\/figure>\n\n\n\n<p>O projeto ATTENTIA, &#8220;Agricultura Sostenible de C\u00edtricos con Inteligencia Artificial&#8221; (Projeto 0085_ATTENTIA_5_E) \u00e9 um projeto financiado pela Uni\u00e3o Europeia, atrav\u00e9s dos programas FEDER (Fundo Europeu de Desenvolvimento Regional) e INTERREG.<\/p>\n\n\n\n<p>O Projeto ATTENTIA (Agricultura Sustent\u00e1vel de Citrinos com Intelig\u00eancia Artificial) visa transferir conhecimento para uma agricultura mais sustent\u00e1vel, baseada na aplica\u00e7\u00e3o de tecnologia, nomeadamente, Intelig\u00eancia Artificial e Rob\u00f3tica, \u00e0s citriculturas da zona transfronteiri\u00e7a do sul de Espanha e Portugal: Andaluzia e Algarve-Alentejo, onde esta cultura \u00e9 abundante.<\/p>\n\n\n\n<figure class=\"wp-block-image aligncenter size-full is-resized\"><img loading=\"lazy\" decoding=\"async\" width=\"1024\" height=\"1024\" src=\"https:\/\/cisca.ualg.pt\/wp-content\/uploads\/2024\/05\/imagem4-3.jpg\" alt=\"\" class=\"wp-image-586\" style=\"width:410px;height:auto\" srcset=\"https:\/\/cisca.ualg.pt\/wp-content\/uploads\/2024\/05\/imagem4-3.jpg 1024w, https:\/\/cisca.ualg.pt\/wp-content\/uploads\/2024\/05\/imagem4-3-300x300.jpg 300w, https:\/\/cisca.ualg.pt\/wp-content\/uploads\/2024\/05\/imagem4-3-150x150.jpg 150w, https:\/\/cisca.ualg.pt\/wp-content\/uploads\/2024\/05\/imagem4-3-768x768.jpg 768w\" sizes=\"auto, (max-width: 1024px) 100vw, 1024px\" \/><\/figure>\n\n\n\n<p>Especificamente, centra-se na utiliza\u00e7\u00e3o de tecnologia para monitorizar o estado saud\u00e1vel da cultura dos citrinos, utilizando dispositivos e sensores que permitem, entre outros, avaliar a uniformidade da irriga\u00e7\u00e3o e o stress h\u00eddrico, o crescimento dos frutos, o estado das folhas, as necessidades de nutrientes ou a dete\u00e7\u00e3o de pragas. , bem como outros elementos de interesse relacionados, como eventos atmosf\u00e9ricos. Esses dados ser\u00e3o obtidos por meio de diferentes sensores, tanto fixos no solo, nas plantas e na atmosfera, quanto m\u00f3veis, em plataformas rob\u00f3ticas aut\u00f3nomas terrestres, a\u00e9reas (drones) e espaciais (imagens recebidas de sat\u00e9lite), que, combinadas, alimentar\u00e3o modelos de Intelig\u00eancia Artificial para obter avalia\u00e7\u00f5es globais ao n\u00edvel de toda a planta\u00e7\u00e3o, bem como indicar as poss\u00edveis necessidades de atua\u00e7\u00e3o diferenciada em \u00e1reas espec\u00edficas da mesma.<\/p>\n\n\n\n<p>Toda esta monitoriza\u00e7\u00e3o e integra\u00e7\u00e3o visa fornecer informa\u00e7\u00e3o que permita aos produtores otimizar a produ\u00e7\u00e3o e reduzir custos num quadro de agricultura sustent\u00e1vel, o que contribui para cuidados preventivos e tomada de decis\u00e3o assistida, visando a otimiza\u00e7\u00e3o e a realiza\u00e7\u00e3o de previs\u00f5es de rega (incluindo a dete\u00e7\u00e3o de falhas nos sistemas de distribui\u00e7\u00e3o e bombeamento), estimando o crescimento de \u00e1rvores e frutos com maior precis\u00e3o do que a fornecida pelos dispositivos atuais, bem como a colheita como um todo.<\/p>\n\n\n\n<p>Trata-se de um projecto com uma decidida orienta\u00e7\u00e3o para a transfer\u00eancia, realizado tanto em contacto com as PME tecnol\u00f3gicas do sector de ambos os lados da fronteira, capazes de adoptar estas novas tecnologias nas suas pr\u00f3prias plataformas, como com os pr\u00f3prios produtores, visto que s\u00e3o eles os aqueles que t\u00eam as demandas e podem valorizar o que lhes \u00e9 fornecido. Para levar a cabo o projeto, como n\u00e3o poderia deixar de ser, existe uma equipa multidisciplinar que inclui especialistas de universidades em intelig\u00eancia artificial, rob\u00f3tica e eletr\u00f3nica, bem como em produ\u00e7\u00e3o vegetal e tecnologias ambientais.<\/p>\n\n\n\n<p>O Prof. Jorge Semi\u00e3o \u00e9 o investigador do CISCA respons\u00e1vel pelo projeto ATTENTIA no parceiro Universidade do Algarve.<\/p>\n\n\n\n<figure class=\"wp-block-image aligncenter size-full is-resized\"><img loading=\"lazy\" decoding=\"async\" width=\"1280\" height=\"448\" src=\"https:\/\/cisca.ualg.pt\/wp-content\/uploads\/2024\/05\/Logo_PT.png\" alt=\"\" class=\"wp-image-557\" style=\"width:538px;height:auto\" srcset=\"https:\/\/cisca.ualg.pt\/wp-content\/uploads\/2024\/05\/Logo_PT.png 1280w, https:\/\/cisca.ualg.pt\/wp-content\/uploads\/2024\/05\/Logo_PT-300x105.png 300w, https:\/\/cisca.ualg.pt\/wp-content\/uploads\/2024\/05\/Logo_PT-1024x358.png 1024w, https:\/\/cisca.ualg.pt\/wp-content\/uploads\/2024\/05\/Logo_PT-768x269.png 768w\" sizes=\"auto, (max-width: 1280px) 100vw, 1280px\" \/><\/figure>\n\n\n\n<p><\/p>\n\n\n\n<div class=\"wp-block-group has-global-padding is-layout-constrained wp-block-group-is-layout-constrained\">\n<p><gwmw style=\"display:none;\"><\/gwmw><\/p>\n<\/div>\n","protected":false},"excerpt":{"rendered":"<p>O projeto ATTENTIA, &#8220;Agricultura Sostenible de C\u00edtricos con Inteligencia Artificial&#8221; (Projeto 0085_ATTENTIA_5_E) \u00e9 um projeto financiado pela Uni\u00e3o Europeia, atrav\u00e9s dos programas FEDER (Fundo Europeu de Desenvolvimento Regional) e INTERREG. O Projeto ATTENTIA (Agricultura Sustent\u00e1vel de Citrinos com Intelig\u00eancia Artificial) visa transferir conhecimento para uma agricultura mais sustent\u00e1vel, baseada na aplica\u00e7\u00e3o de tecnologia, nomeadamente, Intelig\u00eancia [&hellip;]<\/p>\n","protected":false},"author":3,"featured_media":0,"parent":0,"menu_order":0,"comment_status":"closed","ping_status":"closed","template":"","meta":{"_themeisle_gutenberg_block_has_review":false,"footnotes":""},"class_list":["post-556","page","type-page","status-publish","hentry"],"_links":{"self":[{"href":"https:\/\/cisca.ualg.pt\/index.php\/wp-json\/wp\/v2\/pages\/556","targetHints":{"allow":["GET"]}}],"collection":[{"href":"https:\/\/cisca.ualg.pt\/index.php\/wp-json\/wp\/v2\/pages"}],"about":[{"href":"https:\/\/cisca.ualg.pt\/index.php\/wp-json\/wp\/v2\/types\/page"}],"author":[{"embeddable":true,"href":"https:\/\/cisca.ualg.pt\/index.php\/wp-json\/wp\/v2\/users\/3"}],"replies":[{"embeddable":true,"href":"https:\/\/cisca.ualg.pt\/index.php\/wp-json\/wp\/v2\/comments?post=556"}],"version-history":[{"count":7,"href":"https:\/\/cisca.ualg.pt\/index.php\/wp-json\/wp\/v2\/pages\/556\/revisions"}],"predecessor-version":[{"id":587,"href":"https:\/\/cisca.ualg.pt\/index.php\/wp-json\/wp\/v2\/pages\/556\/revisions\/587"}],"wp:attachment":[{"href":"https:\/\/cisca.ualg.pt\/index.php\/wp-json\/wp\/v2\/media?parent=556"}],"curies":[{"name":"wp","href":"https:\/\/api.w.org\/{rel}","templated":true}]}}