{"id":510,"date":"2024-05-13T11:10:51","date_gmt":"2024-05-13T11:10:51","guid":{"rendered":"https:\/\/cisca.ualg.pt\/?page_id=510"},"modified":"2024-05-13T13:51:12","modified_gmt":"2024-05-13T13:51:12","slug":"projeto-agerar","status":"publish","type":"page","link":"https:\/\/cisca.ualg.pt\/index.php\/projeto-agerar\/","title":{"rendered":"Projeto AGERAR+"},"content":{"rendered":"\n<figure class=\"wp-block-image alignright size-large is-resized\"><img loading=\"lazy\" decoding=\"async\" width=\"1024\" height=\"218\" src=\"https:\/\/cisca.ualg.pt\/wp-content\/uploads\/2024\/05\/AGERAR-1024x218.png\" alt=\"\" class=\"wp-image-540\" style=\"width:492px;height:auto\" srcset=\"https:\/\/cisca.ualg.pt\/wp-content\/uploads\/2024\/05\/AGERAR-1024x218.png 1024w, https:\/\/cisca.ualg.pt\/wp-content\/uploads\/2024\/05\/AGERAR-300x64.png 300w, https:\/\/cisca.ualg.pt\/wp-content\/uploads\/2024\/05\/AGERAR-768x164.png 768w, https:\/\/cisca.ualg.pt\/wp-content\/uploads\/2024\/05\/AGERAR-1536x328.png 1536w, https:\/\/cisca.ualg.pt\/wp-content\/uploads\/2024\/05\/AGERAR-2048x437.png 2048w\" sizes=\"auto, (max-width: 1024px) 100vw, 1024px\" \/><\/figure>\n\n\n\n<p>O projeto AGERAR+, &#8220;Almacenamiento y Gesti\u00f3n de Energ\u00eda Renovable para el fomento de la participaci\u00f3n de peque\u00f1os y medianos prosumidores en redes el\u00e9ctricas inteligentes&#8221; (Project ID 0091_AGERAR_PLUS_6_E) \u00e9 um projeto financiado pela Uni\u00e3o Europeia, atrav\u00e9s dos programas FEDER (Fundo Europeu de Desenvolvimento Regional) e INTERREG.<\/p>\n\n\n\n<figure class=\"wp-block-image aligncenter size-full is-resized\"><img loading=\"lazy\" decoding=\"async\" width=\"1280\" height=\"853\" src=\"https:\/\/cisca.ualg.pt\/wp-content\/uploads\/2024\/05\/car-3325415_1280.jpg\" alt=\"\" class=\"wp-image-523\" style=\"width:538px;height:auto\" srcset=\"https:\/\/cisca.ualg.pt\/wp-content\/uploads\/2024\/05\/car-3325415_1280.jpg 1280w, https:\/\/cisca.ualg.pt\/wp-content\/uploads\/2024\/05\/car-3325415_1280-300x200.jpg 300w, https:\/\/cisca.ualg.pt\/wp-content\/uploads\/2024\/05\/car-3325415_1280-1024x682.jpg 1024w, https:\/\/cisca.ualg.pt\/wp-content\/uploads\/2024\/05\/car-3325415_1280-768x512.jpg 768w\" sizes=\"auto, (max-width: 1280px) 100vw, 1280px\" \/><\/figure>\n\n\n\n<div class=\"wp-block-group has-global-padding is-layout-constrained wp-block-group-is-layout-constrained\">\n<p>O objetivo geral estabelecido pelo projeto AGERAR_PLUS \u00e9 o de aproveitar o potencial de coopera\u00e7\u00e3o para consolidar o quadro inovador e cient\u00edfico de Portugal e Espanha no dom\u00ednio da energia, seguindo a linha dos anteriores projetos AGERAR e AGERAR II. Combinando experi\u00eancias anteriores e o potencial tecnol\u00f3gico de ambos os pa\u00edses, espera-se que o projeto contribua para a melhoria das capacidades de investiga\u00e7\u00e3o em tecnologias energ\u00e9ticas avan\u00e7adas. <\/p>\n\n\n\n<p>O projeto AGERAR_PLUS centra-se na melhoria da efici\u00eancia energ\u00e9tica atrav\u00e9s da promo\u00e7\u00e3o da figura dos pequenos e m\u00e9dios produtores-consumidores e das comunidades energ\u00e9ticas atrav\u00e9s da utiliza\u00e7\u00e3o das tecnologias da informa\u00e7\u00e3o e da comunica\u00e7\u00e3o.<\/p>\n\n\n\n<p>Os parceiros do projeto s\u00e3o: Universidad de Sevilla (Project Leader), Fundacion Instituto Tecnol\u00f3gico de Galicia, Universidade do Algarve, Instituto Nacional de T\u00e9cnica Aeroespacial (INTA), Fundaci\u00f3n Corporaci\u00f3n Tecnol\u00f3gica de Andaluc\u00eda, Universidade de \u00c9vora, Ag\u00eancia Regional de Energia e Ambiente do Algarve (AREAL), Instituto de Ci\u00eancia e Inova\u00e7\u00e3o em Engenharia Mec\u00e2nica e Engenharia Industrial (INEGI).<\/p>\n\n\n\n<p>Conta com um investimento total de 1.148.060,00 \u20ac, cabendo \u00e0 Universidade do Algarve um investimento de 150.000,00 \u20ac. O projeto tem uma dura\u00e7\u00e3o total de 3 anos entre 01\/09\/2023 e 31\/08\/2026.<\/p>\n\n\n\n<p>O Prof. J\u00e2nio Monteiro \u00e9 o investigador do CISCA respons\u00e1vel pelo projeto AGERAR+ no parceiro Universidade do Algarve.<\/p>\n\n\n\n<p><\/p>\n\n\n\n<p><\/p>\n\n\n\n<p><gwmw style=\"display:none;\"><\/gwmw><\/p>\n<\/div>\n","protected":false},"excerpt":{"rendered":"<p>O projeto AGERAR+, &#8220;Almacenamiento y Gesti\u00f3n de Energ\u00eda Renovable para el fomento de la participaci\u00f3n de peque\u00f1os y medianos prosumidores en redes el\u00e9ctricas inteligentes&#8221; (Project ID 0091_AGERAR_PLUS_6_E) \u00e9 um projeto financiado pela Uni\u00e3o Europeia, atrav\u00e9s dos programas FEDER (Fundo Europeu de Desenvolvimento Regional) e INTERREG. O objetivo geral estabelecido pelo projeto AGERAR_PLUS \u00e9 o de [&hellip;]<\/p>\n","protected":false},"author":3,"featured_media":0,"parent":0,"menu_order":0,"comment_status":"closed","ping_status":"closed","template":"","meta":{"_themeisle_gutenberg_block_has_review":false,"footnotes":""},"class_list":["post-510","page","type-page","status-publish","hentry"],"_links":{"self":[{"href":"https:\/\/cisca.ualg.pt\/index.php\/wp-json\/wp\/v2\/pages\/510","targetHints":{"allow":["GET"]}}],"collection":[{"href":"https:\/\/cisca.ualg.pt\/index.php\/wp-json\/wp\/v2\/pages"}],"about":[{"href":"https:\/\/cisca.ualg.pt\/index.php\/wp-json\/wp\/v2\/types\/page"}],"author":[{"embeddable":true,"href":"https:\/\/cisca.ualg.pt\/index.php\/wp-json\/wp\/v2\/users\/3"}],"replies":[{"embeddable":true,"href":"https:\/\/cisca.ualg.pt\/index.php\/wp-json\/wp\/v2\/comments?post=510"}],"version-history":[{"count":7,"href":"https:\/\/cisca.ualg.pt\/index.php\/wp-json\/wp\/v2\/pages\/510\/revisions"}],"predecessor-version":[{"id":549,"href":"https:\/\/cisca.ualg.pt\/index.php\/wp-json\/wp\/v2\/pages\/510\/revisions\/549"}],"wp:attachment":[{"href":"https:\/\/cisca.ualg.pt\/index.php\/wp-json\/wp\/v2\/media?parent=510"}],"curies":[{"name":"wp","href":"https:\/\/api.w.org\/{rel}","templated":true}]}}