{"id":507,"date":"2024-05-13T10:43:47","date_gmt":"2024-05-13T10:43:47","guid":{"rendered":"https:\/\/cisca.ualg.pt\/?page_id=507"},"modified":"2024-05-13T13:50:27","modified_gmt":"2024-05-13T13:50:27","slug":"projeto-cel-rural","status":"publish","type":"page","link":"https:\/\/cisca.ualg.pt\/index.php\/projeto-cel-rural\/","title":{"rendered":"Projeto CEL RURAL"},"content":{"rendered":"\n<figure class=\"wp-block-image alignright size-large is-resized\"><img loading=\"lazy\" decoding=\"async\" width=\"1024\" height=\"307\" src=\"https:\/\/cisca.ualg.pt\/wp-content\/uploads\/2024\/05\/Interreg_CEL_RURAL_Logo_H_RGB_Color-1024x307.jpg\" alt=\"\" class=\"wp-image-536\" style=\"width:450px;height:auto\" srcset=\"https:\/\/cisca.ualg.pt\/wp-content\/uploads\/2024\/05\/Interreg_CEL_RURAL_Logo_H_RGB_Color-1024x307.jpg 1024w, https:\/\/cisca.ualg.pt\/wp-content\/uploads\/2024\/05\/Interreg_CEL_RURAL_Logo_H_RGB_Color-300x90.jpg 300w, https:\/\/cisca.ualg.pt\/wp-content\/uploads\/2024\/05\/Interreg_CEL_RURAL_Logo_H_RGB_Color-768x230.jpg 768w, https:\/\/cisca.ualg.pt\/wp-content\/uploads\/2024\/05\/Interreg_CEL_RURAL_Logo_H_RGB_Color.jpg 1500w\" sizes=\"auto, (max-width: 1024px) 100vw, 1024px\" \/><\/figure>\n\n\n\n<p>O projeto CEL_RURAL, &#8220;Desarrollo de actuaciones piloto para el fomento de comunidades energ\u00e9ticas locales en entornos rurales del espacio POCTEP&#8221; (Project ID 0081_CEL_RURAL_6_E_V3) \u00e9 financiado pela Uni\u00e3o Europeia, atrav\u00e9s dos programas FEDER e INTERREG.<\/p>\n\n\n\n<p>Visa promover a implanta\u00e7\u00e3o de energias renov\u00e1veis ao n\u00edvel rural para refor\u00e7ar o desenvolvimento de um sistema energ\u00e9tico sustent\u00e1vel e local nas regi\u00f5es transfronteiri\u00e7as do espa\u00e7o POCTEP, atrav\u00e9s da ado\u00e7\u00e3o de modelos inovadores de autoconsumo energ\u00e9tico partilhado, no dom\u00ednio das comunidades de energia renov\u00e1vel em meios rurais.<\/p>\n\n\n\n<p>Responde ao desafio de promover uma transi\u00e7\u00e3o energ\u00e9tica justa assente na promo\u00e7\u00e3o de um sistema energ\u00e9tico descentralizado, democr\u00e1tico e sustent\u00e1vel que permita usufruir dos recursos renov\u00e1veis end\u00f3genos do territ\u00f3rio. Com o mesmo ser\u00e1 suportada a cria\u00e7\u00e3o de empregos na \u00e1rea das energias renov\u00e1veis e de qualidade, que contribuam para a fixa\u00e7\u00e3o da popula\u00e7\u00e3o no meio rural, por meio da promo\u00e7\u00e3o da gera\u00e7\u00e3o distribu\u00edda por meio de prossumidores e das Comunidades de Energia Renov\u00e1veis (CER).<gwmw style=\"display:none;\"><\/gwmw><gwmw style=\"display:none;\"><\/gwmw><\/p>\n\n\n\n<figure class=\"wp-block-image aligncenter size-full is-resized\"><img loading=\"lazy\" decoding=\"async\" width=\"1280\" height=\"959\" src=\"https:\/\/cisca.ualg.pt\/wp-content\/uploads\/2024\/05\/solar-4824604_1280.jpg\" alt=\"\" class=\"wp-image-512\" style=\"width:552px;height:auto\" srcset=\"https:\/\/cisca.ualg.pt\/wp-content\/uploads\/2024\/05\/solar-4824604_1280.jpg 1280w, https:\/\/cisca.ualg.pt\/wp-content\/uploads\/2024\/05\/solar-4824604_1280-300x225.jpg 300w, https:\/\/cisca.ualg.pt\/wp-content\/uploads\/2024\/05\/solar-4824604_1280-1024x767.jpg 1024w, https:\/\/cisca.ualg.pt\/wp-content\/uploads\/2024\/05\/solar-4824604_1280-768x575.jpg 768w\" sizes=\"auto, (max-width: 1280px) 100vw, 1280px\" \/><\/figure>\n\n\n\n<p><\/p>\n\n\n\n<p>Os membros do projeto s\u00e3o: Fundacion Instituto Tecnol\u00f3gico de Galicia (Project Leader), Universidade do Algarve, Comunidade Intermunicipal do C\u00e1vado (CIM C\u00c1VADO), Universidad de Sevilla, Ag\u00eancia Regional de Energia e Ambiente do Algarve (AREAL), Diputaci\u00f3n Provincial de \u00c1vila, Instituto Nacional de T\u00e9cnica Aeroespacial (INTA), Federaci\u00f3n Gallega de Municipios y Provincias (FEGAMP). Conta com um investimento total de 1 533 532.73 \u20ac, cabendo \u00e0 Universidade do Algarve 260 000.03 \u20ac e tem a dura\u00e7\u00e3o de 3 anos entre 01\/07\/2023 e 30\/06\/2026.<\/p>\n\n\n\n<p>O projeto inclui a cria\u00e7\u00e3o de pelo menos 4 demonstradores de Comunidades de Energia Renov\u00e1vel, onde se testar\u00e3o novos esquemas de gest\u00e3o e partilha de energia. Metade desses demonstradores ser\u00e1 criados em Espanha e a outra metade em Portugal. Um dos demonstradores ser\u00e1 implementado na ilha da Culatra, no Algarve.<\/p>\n\n\n\n<p>O Prof. J\u00e2nio Monteiro \u00e9 o investigador do CISCA respons\u00e1vel pelo projeto CEL RURAL no parceiro Universidade do Algarve.<gwmw style=\"display:none;\"><\/gwmw><\/p>\n","protected":false},"excerpt":{"rendered":"<p>O projeto CEL_RURAL, &#8220;Desarrollo de actuaciones piloto para el fomento de comunidades energ\u00e9ticas locales en entornos rurales del espacio POCTEP&#8221; (Project ID 0081_CEL_RURAL_6_E_V3) \u00e9 financiado pela Uni\u00e3o Europeia, atrav\u00e9s dos programas FEDER e INTERREG. Visa promover a implanta\u00e7\u00e3o de energias renov\u00e1veis ao n\u00edvel rural para refor\u00e7ar o desenvolvimento de um sistema energ\u00e9tico sustent\u00e1vel e local [&hellip;]<\/p>\n","protected":false},"author":3,"featured_media":0,"parent":0,"menu_order":0,"comment_status":"closed","ping_status":"closed","template":"","meta":{"_themeisle_gutenberg_block_has_review":false,"footnotes":""},"class_list":["post-507","page","type-page","status-publish","hentry"],"_links":{"self":[{"href":"https:\/\/cisca.ualg.pt\/index.php\/wp-json\/wp\/v2\/pages\/507","targetHints":{"allow":["GET"]}}],"collection":[{"href":"https:\/\/cisca.ualg.pt\/index.php\/wp-json\/wp\/v2\/pages"}],"about":[{"href":"https:\/\/cisca.ualg.pt\/index.php\/wp-json\/wp\/v2\/types\/page"}],"author":[{"embeddable":true,"href":"https:\/\/cisca.ualg.pt\/index.php\/wp-json\/wp\/v2\/users\/3"}],"replies":[{"embeddable":true,"href":"https:\/\/cisca.ualg.pt\/index.php\/wp-json\/wp\/v2\/comments?post=507"}],"version-history":[{"count":11,"href":"https:\/\/cisca.ualg.pt\/index.php\/wp-json\/wp\/v2\/pages\/507\/revisions"}],"predecessor-version":[{"id":548,"href":"https:\/\/cisca.ualg.pt\/index.php\/wp-json\/wp\/v2\/pages\/507\/revisions\/548"}],"wp:attachment":[{"href":"https:\/\/cisca.ualg.pt\/index.php\/wp-json\/wp\/v2\/media?parent=507"}],"curies":[{"name":"wp","href":"https:\/\/api.w.org\/{rel}","templated":true}]}}