{"id":439,"date":"2024-05-07T10:27:12","date_gmt":"2024-05-07T10:27:12","guid":{"rendered":"https:\/\/cisca.ualg.pt\/?page_id=439"},"modified":"2024-05-07T10:37:19","modified_gmt":"2024-05-07T10:37:19","slug":"projeto-steame-teacher-academy","status":"publish","type":"page","link":"https:\/\/cisca.ualg.pt\/index.php\/projeto-steame-teacher-academy\/","title":{"rendered":"Projeto STEAME Teacher Academy"},"content":{"rendered":"\n<figure class=\"wp-block-image aligncenter size-full is-resized\"><img loading=\"lazy\" decoding=\"async\" width=\"3868\" height=\"1511\" src=\"https:\/\/cisca.ualg.pt\/wp-content\/uploads\/2024\/05\/STEAME-ACADEMY-LOGO_png.png\" alt=\"\" class=\"wp-image-437\" style=\"width:752px;height:auto\" srcset=\"https:\/\/cisca.ualg.pt\/wp-content\/uploads\/2024\/05\/STEAME-ACADEMY-LOGO_png.png 3868w, https:\/\/cisca.ualg.pt\/wp-content\/uploads\/2024\/05\/STEAME-ACADEMY-LOGO_png-300x117.png 300w, https:\/\/cisca.ualg.pt\/wp-content\/uploads\/2024\/05\/STEAME-ACADEMY-LOGO_png-1024x400.png 1024w, https:\/\/cisca.ualg.pt\/wp-content\/uploads\/2024\/05\/STEAME-ACADEMY-LOGO_png-768x300.png 768w, https:\/\/cisca.ualg.pt\/wp-content\/uploads\/2024\/05\/STEAME-ACADEMY-LOGO_png-1536x600.png 1536w, https:\/\/cisca.ualg.pt\/wp-content\/uploads\/2024\/05\/STEAME-ACADEMY-LOGO_png-2048x800.png 2048w\" sizes=\"auto, (max-width: 3868px) 100vw, 3868px\" \/><\/figure>\n\n\n\n<p class=\"has-text-align-center\"><a href=\"http:\/\/www.steame-academy.eu\/\"><strong>www.steame-academy.eu<\/strong><\/a><gwmw style=\"display:none;\"><\/gwmw><\/p>\n\n\n\n<p class=\"has-text-align-center\">C\u00f3digo do projeto: 101102619 \u2014 STEAME-ACADEMY<gwmw style=\"display:none;\"><\/gwmw><\/p>\n\n\n\n<p class=\"has-text-align-center\">Dura\u00e7\u00e3o: junho de 2023 a maio de 2026<\/p>\n\n\n\n<p>\u00c9 amplamente aceite e documentado, atrav\u00e9s de estudos e refer\u00eancias, que os alunos carecem de compet\u00eancias e aptid\u00f5es ao finalizarem os seus ciclos de estudo. A aprendizagem baseada em projetos multidisciplinares e multicient\u00edficos \u00e9 um dos fatores-chave para desenvolver compet\u00eancias e aptid\u00f5es nos alunos, especialmente no in\u00edcio da vida escolar (6-12 anos). Nos \u00faltimos 15 anos vimos o desenvolvimento de STEM para STEAM e agora para STEAME (Science, Technology, Engineering, Arts, Mathematics and Entrepreneurship) converter-se no conjunto de disciplinas que atrav\u00e9s da aprendizagem baseada em projetos, \u00e9 considerada a energia cin\u00e9tica para produzir criadores e inovadores do futuro. Os catalisadores para a sua concretiza\u00e7\u00e3o real s\u00e3o os docentes em exerc\u00edcio nas escolas e os futuros docentes atrav\u00e9s da sua forma\u00e7\u00e3o ao n\u00edvel universit\u00e1rio. Este projeto desenvolver\u00e1 um modelo de Academias de Formadores de Professores STEAME em rede atrav\u00e9s de uma Federa\u00e7\u00e3o Europeia de Academias ao n\u00edvel local, que apoiar\u00e1 a mudan\u00e7a para as futuras escolas sendo os principais atores, os formadores de professores como futuros profissionais e especialistas na mudan\u00e7a da aprendizagem e facilitadores do desenvolvimento de compet\u00eancias e aptid\u00f5es nos jovens.<gwmw style=\"display:none;\"><\/gwmw><\/p>\n\n\n\n<p>As Academias de Formadores de Professores STEAME apoiar\u00e3o a forma\u00e7\u00e3o de professores em servi\u00e7o e a forma\u00e7\u00e3o inicial dos futuros professores. Por sua vez, os professores em servi\u00e7o servir\u00e3o de mentores dos futuros professores num sistema europeu baseado em mobilidade. Este conceito permitir\u00e1 criar uma rede entre a educa\u00e7\u00e3o escolar e a educa\u00e7\u00e3o universit\u00e1ria e possivelmente a ind\u00fastria, trabalhando juntos como cocriadores para o desenvolvimento sustent\u00e1vel entre provedores de forma\u00e7\u00e3o de professores com impacto na qualidade da educa\u00e7\u00e3o na Europa. Este processo apoiar\u00e1 o desenvolvimento profissional cont\u00ednuo de futuros professores e estabelecer\u00e1 as bases para as futuras escolas com ambiente de aprendizagem baseado em projetos STEAME para alunos.<gwmw style=\"display:none;\"><\/gwmw><\/p>\n\n\n\n<p>As principais inova\u00e7\u00f5es resultado deste projeto ser\u00e3o:<\/p>\n\n\n\n<ul class=\"wp-block-list\">\n<li>Quadro de Compet\u00eancias de Formadores de Professores STEAME para professores em forma\u00e7\u00e3o e professores em servi\u00e7o<\/li>\n\n\n\n<li>M\u00f3dulos\/Workshops de Aprendizagem para Formadores de Professores STEAME<gwmw style=\"display:none;\"><\/gwmw><\/li>\n\n\n\n<li>Observat\u00f3rio internacional de interc\u00e2mbio para formadores de aprendizagem STEAME<gwmw style=\"display:none;\"><\/gwmw><\/li>\n\n\n\n<li>Desenvolvimento da comunidade de pr\u00e1tica de docentes STEAME\/Programa de mentoria e certifica\u00e7\u00e3o<gwmw style=\"display:none;\"><\/gwmw><\/li>\n\n\n\n<li>Recomenda\u00e7\u00e3o de Pol\u00edticas \u2013 Federa\u00e7\u00e3o Europeia de Academias de Formadores de Professores STEAME<\/li>\n<\/ul>\n\n\n\n<p>A maioria dos itens acima s\u00e3o baseados em experi\u00eancias e inova\u00e7\u00e3o de 16 projetos conclu\u00eddos ou em execu\u00e7\u00e3o, principalmente projetos de educa\u00e7\u00e3o escolar no \u00e2mbito do ERASMUS+ KA2. As 5 inova\u00e7\u00f5es enumeradas anteriormente servir\u00e3o para o desenvolvimento profissional cont\u00ednuo dos professores, melhorando tamb\u00e9m a dimens\u00e3o europeia e a internacionaliza\u00e7\u00e3o dos professores, facilitando a mentoria ao n\u00edvel europeu para apoiar a mobilidade dos professores e coloc\u00e1-los no caminho para a Educa\u00e7\u00e3o 3.0 e 4.0, com o objetivo de produzir os criadores do futuro.<gwmw style=\"display:none;\"><\/gwmw><\/p>\n\n\n\n<p><strong>CONS\u00d3RCIO<\/strong><\/p>\n\n\n\n<ol class=\"wp-block-list\">\n<li>PEDAGOGICAL UNIVERSITY OF KRAKOW, (PL) (Coordenador)<gwmw style=\"display:none;\"><\/gwmw><gwmw style=\"display:none;\"><\/gwmw><\/li>\n\n\n\n<li>CYPRUS MATHEMATICAL SOCIETY&nbsp;(CY)<gwmw style=\"display:none;\"><\/gwmw><\/li>\n\n\n\n<li>UNIVERSIDADE DO ALGARVE (PT)<gwmw style=\"display:none;\"><\/gwmw><gwmw style=\"display:none;\"><\/gwmw><\/li>\n\n\n\n<li>UNIVERSITY OF AEGEAN (GR)&nbsp;<gwmw style=\"display:none;\"><\/gwmw><\/li>\n\n\n\n<li>EUROPEAN ASSOCIATION OF CAREER GUIDANCE (CY)<\/li>\n\n\n\n<li>UNIVERSITATEA SPIRU HARET (RO)<gwmw style=\"display:none;\"><\/gwmw><\/li>\n\n\n\n<li>ASOCIATIA &#8220;INSTITUTUL PENTRU DEZVOLTAREA EVALUARII IN EDUCATIE&#8221; (RO)<gwmw style=\"display:none;\"><\/gwmw><\/li>\n\n\n\n<li>UNIVERSITY OF PLOVDIV PAISII HILENDARSKI (BG)<gwmw style=\"display:none;\"><\/gwmw><\/li>\n\n\n\n<li>UNIVERSITAT DE BARCELONA (ES)<\/li>\n\n\n\n<li>PEDAGOGICAL INSTITUTE OF CYPRUS, MINISTRY OF EDUCATION (CY)<gwmw style=\"display:none;\"><\/gwmw><\/li>\n\n\n\n<li>PROF. IVAN APOSTOLOV PRIVATE ENGLISH LANGUAGE SCHOOL (BG)<gwmw style=\"display:none;\"><\/gwmw><\/li>\n\n\n\n<li>INSTITUTO POLIT\u00c9CNICO DO PORTO (PT)<gwmw style=\"display:none;\"><\/gwmw><\/li>\n\n\n\n<li>EUROGEO VZW (BE)<\/li>\n\n\n\n<li>DOUKAS SCHOOL (GR)<gwmw style=\"display:none;\"><\/gwmw><\/li>\n<\/ol>\n\n\n\n<p><gwmw style=\"display:none;\"><\/gwmw><\/p>\n","protected":false},"excerpt":{"rendered":"<p>www.steame-academy.eu C\u00f3digo do projeto: 101102619 \u2014 STEAME-ACADEMY Dura\u00e7\u00e3o: junho de 2023 a maio de 2026 \u00c9 amplamente aceite e documentado, atrav\u00e9s de estudos e refer\u00eancias, que os alunos carecem de compet\u00eancias e aptid\u00f5es ao finalizarem os seus ciclos de estudo. A aprendizagem baseada em projetos multidisciplinares e multicient\u00edficos \u00e9 um dos fatores-chave para desenvolver compet\u00eancias [&hellip;]<\/p>\n","protected":false},"author":3,"featured_media":0,"parent":0,"menu_order":0,"comment_status":"closed","ping_status":"closed","template":"","meta":{"_themeisle_gutenberg_block_has_review":false,"footnotes":""},"class_list":["post-439","page","type-page","status-publish","hentry"],"_links":{"self":[{"href":"https:\/\/cisca.ualg.pt\/index.php\/wp-json\/wp\/v2\/pages\/439","targetHints":{"allow":["GET"]}}],"collection":[{"href":"https:\/\/cisca.ualg.pt\/index.php\/wp-json\/wp\/v2\/pages"}],"about":[{"href":"https:\/\/cisca.ualg.pt\/index.php\/wp-json\/wp\/v2\/types\/page"}],"author":[{"embeddable":true,"href":"https:\/\/cisca.ualg.pt\/index.php\/wp-json\/wp\/v2\/users\/3"}],"replies":[{"embeddable":true,"href":"https:\/\/cisca.ualg.pt\/index.php\/wp-json\/wp\/v2\/comments?post=439"}],"version-history":[{"count":6,"href":"https:\/\/cisca.ualg.pt\/index.php\/wp-json\/wp\/v2\/pages\/439\/revisions"}],"predecessor-version":[{"id":450,"href":"https:\/\/cisca.ualg.pt\/index.php\/wp-json\/wp\/v2\/pages\/439\/revisions\/450"}],"wp:attachment":[{"href":"https:\/\/cisca.ualg.pt\/index.php\/wp-json\/wp\/v2\/media?parent=439"}],"curies":[{"name":"wp","href":"https:\/\/api.w.org\/{rel}","templated":true}]}}