{"id":423,"date":"2024-05-06T23:07:23","date_gmt":"2024-05-06T23:07:23","guid":{"rendered":"https:\/\/cisca.ualg.pt\/?page_id=423"},"modified":"2024-05-07T10:29:23","modified_gmt":"2024-05-07T10:29:23","slug":"projecto-transleader","status":"publish","type":"page","link":"https:\/\/cisca.ualg.pt\/index.php\/projecto-transleader\/","title":{"rendered":"Projecto TransLeader"},"content":{"rendered":"\n<h2 class=\"wp-block-heading\">The transferable training model &#8211; the best choice for training IT business leaders (TransLeader)<gwmw style=\"display:none;\"><\/gwmw><gwmw style=\"display:none;\"><\/gwmw><\/h2>\n\n\n\n<figure class=\"wp-block-image aligncenter size-full is-resized\"><img loading=\"lazy\" decoding=\"async\" width=\"1080\" height=\"500\" src=\"https:\/\/cisca.ualg.pt\/wp-content\/uploads\/2024\/05\/transleader_picture.jpg\" alt=\"\" class=\"wp-image-427\" style=\"width:842px;height:auto\" srcset=\"https:\/\/cisca.ualg.pt\/wp-content\/uploads\/2024\/05\/transleader_picture.jpg 1080w, https:\/\/cisca.ualg.pt\/wp-content\/uploads\/2024\/05\/transleader_picture-300x139.jpg 300w, https:\/\/cisca.ualg.pt\/wp-content\/uploads\/2024\/05\/transleader_picture-1024x474.jpg 1024w, https:\/\/cisca.ualg.pt\/wp-content\/uploads\/2024\/05\/transleader_picture-768x356.jpg 768w\" sizes=\"auto, (max-width: 1080px) 100vw, 1080px\" \/><\/figure>\n\n\n\n<div class=\"wp-block-group has-global-padding is-layout-constrained wp-block-group-is-layout-constrained\">\n<p>Projecto do programa Erasmus+ no \u00e2mbito da A\u00e7\u00e3o 2, Parceria para a Coopera\u00e7\u00e3o, Parceria de Coopera\u00e7\u00e3o (KA220-HED). O or\u00e7amento do projeto \u00e9 de EUR 400.000 e ser\u00e1 financiado por 3 anos. O projeto ser\u00e1 implementado como parte de um cons\u00f3rcio de universidades e empresas, ou seja:<\/p>\n<\/div>\n\n\n\n<ul class=\"wp-block-list\">\n<li>Universidade de Bielsko-Bialski (Pol\u00f3ni\u0105)\u2013 coordenador\/l\u00edder,<\/li>\n\n\n\n<li>Universidade de&nbsp;Bibliotekoznawstwa i Technologii Informacyjnych&nbsp;(S\u00f3fia, Bulg\u00e1ria),<\/li>\n\n\n\n<li>Universidade do Algarve (Portugal),<\/li>\n\n\n\n<li>Universidade de&nbsp;Kijowski&nbsp;&nbsp;(Ucr\u00e2nia),<gwmw style=\"display:none;\"><\/gwmw><\/li>\n\n\n\n<li>Rekord SI sp. z o.o.&nbsp;&nbsp;(Pol\u00f3nia).<\/li>\n<\/ul>\n\n\n\n<p><gwmw style=\"display:none;\"><\/gwmw><\/p>\n\n\n\n<p>O projeto TransLeader visa combinar as atividades de universidades e empresas para preparar um novo perfil de estudos pr\u00e1ticos em&nbsp;IA e IoT. Esta colabora\u00e7\u00e3o proporcionar\u00e1 solu\u00e7\u00f5es inovadoras para a aprendizagem dos estudantes e a forma\u00e7\u00e3o de especialistas na \u00e1rea. Os objetivos espec\u00edficos s\u00e3o os seguintes:<gwmw style=\"display:none;\"><\/gwmw><gwmw style=\"display:none;\"><\/gwmw><gwmw style=\"display:none;\"><\/gwmw><gwmw style=\"display:none;\"><\/gwmw><gwmw style=\"display:none;\"><\/gwmw><\/p>\n\n\n\n<div class=\"wp-block-group has-global-padding is-layout-constrained wp-block-group-is-layout-constrained\">\n<ul class=\"wp-block-list\">\n<li>preparar e determinar das necessidades individuais durante as aulas,<\/li>\n<\/ul>\n\n\n\n<ul class=\"wp-block-list\">\n<li>adaptar o conte\u00fado dos programas de estudo aos novos requisitos de neg\u00f3cios no campo da IA e IoT,<gwmw style=\"display:none;\"><\/gwmw><gwmw style=\"display:none;\"><\/gwmw><\/li>\n\n\n\n<li>aumentar o potencial dos mentores\/formadores &#8211; professores acad\u00e9micos, investigadores e especialistas para preparar as compet\u00eancias necess\u00e1rias dos estudantes no dom\u00ednio da intelig\u00eancia artificial e da Internet das coisas<gwmw style=\"display:none;\"><\/gwmw><\/li>\n\n\n\n<li>incluir forma\u00e7\u00e3o nos planos de aula dos alunos sobre novos modelos de gest\u00e3o numa equipa distribu\u00edda e estilos de gest\u00e3o adaptados ao ambiente inform\u00e1tico e \u00e0 natureza espec\u00edfica do projeto de TI.<\/li>\n<\/ul>\n<\/div>\n","protected":false},"excerpt":{"rendered":"<p>The transferable training model &#8211; the best choice for training IT business leaders (TransLeader) Projecto do programa Erasmus+ no \u00e2mbito da A\u00e7\u00e3o 2, Parceria para a Coopera\u00e7\u00e3o, Parceria de Coopera\u00e7\u00e3o (KA220-HED). O or\u00e7amento do projeto \u00e9 de EUR 400.000 e ser\u00e1 financiado por 3 anos. O projeto ser\u00e1 implementado como parte de um cons\u00f3rcio de [&hellip;]<\/p>\n","protected":false},"author":3,"featured_media":0,"parent":0,"menu_order":0,"comment_status":"closed","ping_status":"closed","template":"","meta":{"_themeisle_gutenberg_block_has_review":false,"footnotes":""},"class_list":["post-423","page","type-page","status-publish","hentry"],"_links":{"self":[{"href":"https:\/\/cisca.ualg.pt\/index.php\/wp-json\/wp\/v2\/pages\/423","targetHints":{"allow":["GET"]}}],"collection":[{"href":"https:\/\/cisca.ualg.pt\/index.php\/wp-json\/wp\/v2\/pages"}],"about":[{"href":"https:\/\/cisca.ualg.pt\/index.php\/wp-json\/wp\/v2\/types\/page"}],"author":[{"embeddable":true,"href":"https:\/\/cisca.ualg.pt\/index.php\/wp-json\/wp\/v2\/users\/3"}],"replies":[{"embeddable":true,"href":"https:\/\/cisca.ualg.pt\/index.php\/wp-json\/wp\/v2\/comments?post=423"}],"version-history":[{"count":2,"href":"https:\/\/cisca.ualg.pt\/index.php\/wp-json\/wp\/v2\/pages\/423\/revisions"}],"predecessor-version":[{"id":443,"href":"https:\/\/cisca.ualg.pt\/index.php\/wp-json\/wp\/v2\/pages\/423\/revisions\/443"}],"wp:attachment":[{"href":"https:\/\/cisca.ualg.pt\/index.php\/wp-json\/wp\/v2\/media?parent=423"}],"curies":[{"name":"wp","href":"https:\/\/api.w.org\/{rel}","templated":true}]}}