{"id":268,"date":"2024-02-22T12:51:58","date_gmt":"2024-02-22T12:51:58","guid":{"rendered":"https:\/\/cisca.ualg.pt\/?page_id=268"},"modified":"2024-02-22T12:59:04","modified_gmt":"2024-02-22T12:59:04","slug":"contactos","status":"publish","type":"page","link":"https:\/\/cisca.ualg.pt\/index.php\/contactos\/","title":{"rendered":"Contactos"},"content":{"rendered":"\n<p><strong>O Centro de Investiga\u00e7\u00e3o em Sistemas Ciberf\u00edsicos do Algarve (CISCA) combina as \u00e1reas cient\u00edficas de Inform\u00e1tica, Eletr\u00f3nica e Ci\u00eancias Naturais e desenvolve a sua investiga\u00e7\u00e3o em duas \u00e1reas de aplica\u00e7\u00e3o principais: sistemas sustent\u00e1veis, onde o foco \u00e9 a sa\u00fade e o bem-estar dos ambientes naturais; e sistemas para sociedades inclusivas, centrando-se nas pessoas e, de uma forma mais geral, nas sociedades.<\/strong><\/p>\n\n\n\n<p>O centro surgiu como reestrutura\u00e7\u00e3o e alargamento do Centro de Eletr\u00f3nica, Optoeletr\u00f3nica e Telecomunica\u00e7\u00f5es (CEOT). Foca-se na utiliza\u00e7\u00e3o de sistemas ciberf\u00edsicos para intervir e ter impacto em duas \u00e1reas principais. A primeira \u00e9 a \u00e1rea de sistemas sustent\u00e1veis, onde o nosso foco \u00e9 a sa\u00fade e o bem-estar dos ambientes naturais, tendo em conta a interdepend\u00eancia de todos os seres vivos e correspondentes ecossistemas. Alguns exemplos de aplica\u00e7\u00e3o s\u00e3o: redes el\u00e9tricas inteligentes e sistemas de gest\u00e3o de energia focados na utiliza\u00e7\u00e3o de energias renov\u00e1veis; utiliza\u00e7\u00e3o de sistemas distribu\u00eddos e optoeletr\u00f3nica espetral para suporte \u00e0 produ\u00e7\u00e3o agroalimentar; desenho de sistemas de liberta\u00e7\u00e3o de f\u00e1rmacos com menor pegada ambiental; f\u00edsico-qu\u00edmica computacional aplicada ao estudo da combust\u00e3o de hidrog\u00e9nio.<br>Enquanto que a primeira \u00e1rea se foca no ambiente, a segunda \u00e1rea, sistemas para sociedades inclusivas, foca-se nas pessoas, grupos e, de uma forma mais geral, nas sociedades. Na nossa vis\u00e3o, a utiliza\u00e7\u00e3o de sistemas ciberf\u00edsicos tem um grande potencial para melhorar o funcionamento de institui\u00e7\u00f5es e organiza\u00e7\u00f5es, onde, por exemplo, o acesso \u00e0 informa\u00e7\u00e3o por parte dos cidad\u00e3os \u00e9 facilitado, explora-se formas de trabalho mais eficazes, e visa melhorar-se a educa\u00e7\u00e3o e o bem-estar das pessoas. Alguns exemplos de aplica\u00e7\u00e3o s\u00e3o: utiliza\u00e7\u00e3o de novas formas de ensino digital inovadoras como sistemas de aprendizagem inteligentes ou jogos s\u00e9rios, para chegar de forma eficaz e estimulante \u00e0s novas gera\u00e7\u00f5es digitalmente letradas; sistemas inteligentes afetivos, capazes de perceber o nosso estado emocional e ensinar-nos a lidar com emo\u00e7\u00f5es negativas (melhorando a sa\u00fade mental e bem estar), e sistemas de governa\u00e7\u00e3o eletr\u00f3nica capazes de fornecer servi\u00e7os mais acess\u00edveis aos seus utilizadores, mas tamb\u00e9m de incluir a participa\u00e7\u00e3o ativa das comunidades, atrav\u00e9s de plataformas colaborativas.<\/p>\n\n\n\n<div class=\"wp-block-group is-layout-flow wp-block-group-is-layout-flow\">\n<div class=\"wp-block-group has-global-padding is-layout-constrained wp-block-group-is-layout-constrained\">\t\t<div\n            id=\"wpmapblock_a0612700\"\n            data-settings='{&quot;map_marker&quot;:[{&quot;lat&quot;:&quot;37.044672250000005&quot;,&quot;lng&quot;:&quot;-7.973045685204787&quot;,&quot;title&quot;:&quot;Universidade do Algarve - Campus de Gambelas&quot;,&quot;content&quot;:&quot;&quot;,&quot;iconType&quot;:&quot;default&quot;,&quot;customIconUrl&quot;:&quot;&quot;,&quot;customIconWidth&quot;:&quot;25&quot;,&quot;customIconHeight&quot;:&quot;40&quot;}],&quot;map_zoom&quot;:&quot;11&quot;,&quot;scroll_wheel_zoom&quot;:false,&quot;map_type&quot;:&quot;GM&quot;,&quot;center_index&quot;:0}'\n            class=\"wpmapblockrender\"\n            style=\"\n\t\t\twidth: 100%;\n\t\t\theight: 600px;\n\t\t\"\n            >\n        <\/div>\n        <\/div>\n<\/div>\n","protected":false},"excerpt":{"rendered":"<p>O Centro de Investiga\u00e7\u00e3o em Sistemas Ciberf\u00edsicos do Algarve (CISCA) combina as \u00e1reas cient\u00edficas de Inform\u00e1tica, Eletr\u00f3nica e Ci\u00eancias Naturais e desenvolve a sua investiga\u00e7\u00e3o em duas \u00e1reas de aplica\u00e7\u00e3o principais: sistemas sustent\u00e1veis, onde o foco \u00e9 a sa\u00fade e o bem-estar dos ambientes naturais; e sistemas para sociedades inclusivas, centrando-se nas pessoas e, de [&hellip;]<\/p>\n","protected":false},"author":3,"featured_media":0,"parent":0,"menu_order":0,"comment_status":"closed","ping_status":"closed","template":"","meta":{"_themeisle_gutenberg_block_has_review":false,"footnotes":""},"class_list":["post-268","page","type-page","status-publish","hentry"],"_links":{"self":[{"href":"https:\/\/cisca.ualg.pt\/index.php\/wp-json\/wp\/v2\/pages\/268","targetHints":{"allow":["GET"]}}],"collection":[{"href":"https:\/\/cisca.ualg.pt\/index.php\/wp-json\/wp\/v2\/pages"}],"about":[{"href":"https:\/\/cisca.ualg.pt\/index.php\/wp-json\/wp\/v2\/types\/page"}],"author":[{"embeddable":true,"href":"https:\/\/cisca.ualg.pt\/index.php\/wp-json\/wp\/v2\/users\/3"}],"replies":[{"embeddable":true,"href":"https:\/\/cisca.ualg.pt\/index.php\/wp-json\/wp\/v2\/comments?post=268"}],"version-history":[{"count":6,"href":"https:\/\/cisca.ualg.pt\/index.php\/wp-json\/wp\/v2\/pages\/268\/revisions"}],"predecessor-version":[{"id":276,"href":"https:\/\/cisca.ualg.pt\/index.php\/wp-json\/wp\/v2\/pages\/268\/revisions\/276"}],"wp:attachment":[{"href":"https:\/\/cisca.ualg.pt\/index.php\/wp-json\/wp\/v2\/media?parent=268"}],"curies":[{"name":"wp","href":"https:\/\/api.w.org\/{rel}","templated":true}]}}