{"id":179,"date":"2024-02-22T11:19:44","date_gmt":"2024-02-22T11:19:44","guid":{"rendered":"https:\/\/cisca.ualg.pt\/?page_id=179"},"modified":"2024-07-23T23:50:57","modified_gmt":"2024-07-23T23:50:57","slug":"investigacao","status":"publish","type":"page","link":"https:\/\/cisca.ualg.pt\/index.php\/investigacao\/","title":{"rendered":"Investiga\u00e7\u00e3o"},"content":{"rendered":"\n<p>Embora seja um centro novo criado em 2023, o CISCA encontra-se desde j\u00e1 envolvido em v\u00e1rios projetos de investiga\u00e7\u00e3o nacionais e internacionais. Nesta sec\u00e7\u00e3o poder\u00e1 saber um pouco mais sobre os projetos em que estamos envolvidos.<\/p>\n\n\n\n<div class=\"wp-block-group has-global-padding is-layout-constrained wp-block-group-is-layout-constrained\">\n<div class=\"wp-block-group is-layout-flow wp-block-group-is-layout-flow\">\n<div style=\"height:0px\" aria-hidden=\"true\" class=\"wp-block-spacer\"><\/div>\n<\/div>\n<\/div>\n\n\n\n<div class=\"wp-block-group has-global-padding is-layout-constrained wp-block-group-is-layout-constrained\">\n<div class=\"wp-block-group is-layout-flow wp-block-group-is-layout-flow\">\n<div style=\"height:60px\" aria-hidden=\"true\" class=\"wp-block-spacer\"><\/div>\n\n\n\n<p class=\"has-primary-color has-text-color\" style=\"text-transform:uppercase\">Os nossos projetos<\/p>\n\n\n\n<div style=\"height:60px\" aria-hidden=\"true\" class=\"wp-block-spacer\"><\/div>\n\n\n\n<h2 class=\"wp-block-heading has-max-48-font-size\">Foco na sa\u00fade e o bem-estar dos ambientes naturais<\/h2>\n\n\n\n<div style=\"height:60px\" aria-hidden=\"true\" class=\"wp-block-spacer\"><\/div>\n\n\n\n<div class=\"wp-block-columns is-layout-flex wp-container-core-columns-is-layout-28f84493 wp-block-columns-is-layout-flex\">\n<div class=\"wp-block-column is-style-default has-light-background-background-color has-background is-layout-flow wp-block-column-is-layout-flow\" style=\"border-style:none;border-width:0px;padding-top:30px;padding-right:30px;padding-bottom:30px;padding-left:30px\">\n<figure class=\"wp-block-image size-full\"><img loading=\"lazy\" decoding=\"async\" width=\"1024\" height=\"802\" src=\"https:\/\/cisca.ualg.pt\/wp-content\/uploads\/2024\/05\/imagem_campo3-1.png\" alt=\"\" class=\"wp-image-566\" srcset=\"https:\/\/cisca.ualg.pt\/wp-content\/uploads\/2024\/05\/imagem_campo3-1.png 1024w, https:\/\/cisca.ualg.pt\/wp-content\/uploads\/2024\/05\/imagem_campo3-1-300x235.png 300w, https:\/\/cisca.ualg.pt\/wp-content\/uploads\/2024\/05\/imagem_campo3-1-768x602.png 768w\" sizes=\"auto, (max-width: 1024px) 100vw, 1024px\" \/><\/figure>\n\n\n\n<h2 class=\"wp-block-heading\">Projeto <strong>ATTENTIA<\/strong><\/h2>\n\n\n\n<p>O Projeto ATTENTIA (Agricultura Sustent\u00e1vel de Citrinos com Intelig\u00eancia Artificial) visa transferir conhecimento para uma agricultura mais sustent\u00e1vel, baseada na aplica\u00e7\u00e3o de tecnologia, nomeadamente, Intelig\u00eancia Artificial e Rob\u00f3tica, \u00e0s citriculturas da zona transfronteiri\u00e7a do sul de Espanha e Portugal: Andaluzia e Algarve-Alentejo, onde esta cultura \u00e9 abundante.<\/p>\n\n\n\n<div class=\"wp-block-buttons is-layout-flex wp-block-buttons-is-layout-flex\">\n<div class=\"wp-block-button\"><a class=\"wp-block-button__link wp-element-button\" href=\"https:\/\/cisca.ualg.pt\/index.php\/projeto-attentia\/\">Saber mais<gwmw style=\"display:none;\"><\/gwmw><\/a><\/div>\n<\/div>\n<\/div>\n\n\n\n<div class=\"wp-block-column is-style-default has-light-background-background-color has-background is-layout-flow wp-block-column-is-layout-flow\" style=\"border-style:none;border-width:0px;padding-top:30px;padding-right:30px;padding-bottom:30px;padding-left:30px\">\n<figure class=\"wp-block-image size-large is-resized\"><img loading=\"lazy\" decoding=\"async\" width=\"1024\" height=\"767\" src=\"https:\/\/cisca.ualg.pt\/wp-content\/uploads\/2024\/05\/solar-4824604_1280-1024x767.jpg\" alt=\"\" class=\"wp-image-512\" style=\"width:287px;height:auto\" srcset=\"https:\/\/cisca.ualg.pt\/wp-content\/uploads\/2024\/05\/solar-4824604_1280-1024x767.jpg 1024w, https:\/\/cisca.ualg.pt\/wp-content\/uploads\/2024\/05\/solar-4824604_1280-300x225.jpg 300w, https:\/\/cisca.ualg.pt\/wp-content\/uploads\/2024\/05\/solar-4824604_1280-768x575.jpg 768w, https:\/\/cisca.ualg.pt\/wp-content\/uploads\/2024\/05\/solar-4824604_1280.jpg 1280w\" sizes=\"auto, (max-width: 1024px) 100vw, 1024px\" \/><\/figure>\n\n\n\n<h2 class=\"wp-block-heading\">Projeto CEL RURAL<\/h2>\n\n\n\n<p>O Projeto CEL RURAL visa promover a implanta\u00e7\u00e3o de energias renov\u00e1veis ao n\u00edvel rural para refor\u00e7ar o desenvolvimento de um sistema energ\u00e9tico sustent\u00e1vel e local nas regi\u00f5es transfronteiri\u00e7as do espa\u00e7o POCTEP, atrav\u00e9s da ado\u00e7\u00e3o de modelos inovadores de autoconsumo energ\u00e9tico partilhado, no dom\u00ednio das comunidades de energia renov\u00e1vel em meios rurais.<\/p>\n\n\n\n<div class=\"wp-block-buttons is-layout-flex wp-block-buttons-is-layout-flex\">\n<div class=\"wp-block-button\"><a class=\"wp-block-button__link wp-element-button\" href=\"https:\/\/cisca.ualg.pt\/index.php\/projeto-cel-rural\/\">Saber mais<\/a><\/div>\n<\/div>\n<\/div>\n\n\n\n<div class=\"wp-block-column is-style-default has-light-background-background-color has-background is-layout-flow wp-block-column-is-layout-flow\" style=\"border-style:none;border-width:0px;padding-top:30px;padding-right:30px;padding-bottom:30px;padding-left:30px\">\n<figure class=\"wp-block-image size-large\"><img loading=\"lazy\" decoding=\"async\" width=\"1024\" height=\"682\" src=\"https:\/\/cisca.ualg.pt\/wp-content\/uploads\/2024\/05\/car-3325415_1280-1024x682.jpg\" alt=\"\" class=\"wp-image-523\" srcset=\"https:\/\/cisca.ualg.pt\/wp-content\/uploads\/2024\/05\/car-3325415_1280-1024x682.jpg 1024w, https:\/\/cisca.ualg.pt\/wp-content\/uploads\/2024\/05\/car-3325415_1280-300x200.jpg 300w, https:\/\/cisca.ualg.pt\/wp-content\/uploads\/2024\/05\/car-3325415_1280-768x512.jpg 768w, https:\/\/cisca.ualg.pt\/wp-content\/uploads\/2024\/05\/car-3325415_1280.jpg 1280w\" sizes=\"auto, (max-width: 1024px) 100vw, 1024px\" \/><\/figure>\n\n\n\n<h2 class=\"wp-block-heading\">Projeto AGERAR+<\/h2>\n\n\n\n<p>O projeto AGERAR+ centra-se na melhoria da efici\u00eancia energ\u00e9tica atrav\u00e9s da promo\u00e7\u00e3o da figura dos pequenos e m\u00e9dios produtores-consumidores e das comunidades energ\u00e9ticas, atrav\u00e9s da utiliza\u00e7\u00e3o das tecnologias da informa\u00e7\u00e3o e da comunica\u00e7\u00e3o.<\/p>\n\n\n\n<div class=\"wp-block-buttons is-layout-flex wp-block-buttons-is-layout-flex\">\n<div class=\"wp-block-button\"><a class=\"wp-block-button__link wp-element-button\" href=\"https:\/\/cisca.ualg.pt\/index.php\/projeto-agerar\/\">Saber mais<\/a><\/div>\n<\/div>\n<\/div>\n<\/div>\n<\/div>\n<\/div>\n\n\n\n<h1 class=\"wp-block-heading\">Foco em sistemas para sociedades inclusivas<\/h1>\n\n\n\n<div style=\"height:60px\" aria-hidden=\"true\" class=\"wp-block-spacer\"><\/div>\n\n\n\n<div class=\"wp-block-columns is-layout-flex wp-container-core-columns-is-layout-28f84493 wp-block-columns-is-layout-flex\">\n<div class=\"wp-block-column is-style-default has-light-background-background-color has-background is-layout-flow wp-block-column-is-layout-flow\" style=\"border-style:none;border-width:0px;padding-top:30px;padding-right:30px;padding-bottom:30px;padding-left:30px\">\n<figure class=\"wp-block-image size-full\"><img loading=\"lazy\" decoding=\"async\" width=\"442\" height=\"295\" src=\"https:\/\/cisca.ualg.pt\/wp-content\/uploads\/2024\/05\/LINA-1.png\" alt=\"\" class=\"wp-image-409\" srcset=\"https:\/\/cisca.ualg.pt\/wp-content\/uploads\/2024\/05\/LINA-1.png 442w, https:\/\/cisca.ualg.pt\/wp-content\/uploads\/2024\/05\/LINA-1-300x200.png 300w\" sizes=\"auto, (max-width: 442px) 100vw, 442px\" \/><\/figure>\n\n\n\n<h2 class=\"wp-block-heading\">ASP-Belong<\/h2>\n\n\n\n<p>O projeto ASP-Belong tem como objetivo explorar, desenvolver, e estudar o conceito de Jogo Social Aumentado (que combina realidade Aumentada e jogos colaborativos), e e criar interven\u00e7\u00f5es digitais com o objetivo de melhorar a sa\u00fade mental de adolescentes.<\/p>\n\n\n\n<div class=\"wp-block-buttons is-layout-flex wp-block-buttons-is-layout-flex\">\n<div class=\"wp-block-button\"><a class=\"wp-block-button__link wp-element-button\" href=\"https:\/\/cisca.ualg.pt\/index.php\/projecto-asp-belong-augmented-social-play-smartphone-enabled-group-psychotherapeutic-interventions-that-boost-adolescent-mental-health\/\">Saber mais<\/a><\/div>\n<\/div>\n<\/div>\n\n\n\n<div class=\"wp-block-column is-style-default has-light-background-background-color has-background is-layout-flow wp-block-column-is-layout-flow\" style=\"border-style:none;border-width:0px;padding-top:30px;padding-right:30px;padding-bottom:30px;padding-left:30px\">\n<figure class=\"wp-block-image aligncenter size-large is-resized\"><img loading=\"lazy\" decoding=\"async\" width=\"1024\" height=\"474\" src=\"https:\/\/cisca.ualg.pt\/wp-content\/uploads\/2024\/05\/transleader_picture-1024x474.jpg\" alt=\"\" class=\"wp-image-427\" style=\"width:460px;height:auto\" srcset=\"https:\/\/cisca.ualg.pt\/wp-content\/uploads\/2024\/05\/transleader_picture-1024x474.jpg 1024w, https:\/\/cisca.ualg.pt\/wp-content\/uploads\/2024\/05\/transleader_picture-300x139.jpg 300w, https:\/\/cisca.ualg.pt\/wp-content\/uploads\/2024\/05\/transleader_picture-768x356.jpg 768w, https:\/\/cisca.ualg.pt\/wp-content\/uploads\/2024\/05\/transleader_picture.jpg 1080w\" sizes=\"auto, (max-width: 1024px) 100vw, 1024px\" \/><\/figure>\n\n\n\n<h2 class=\"wp-block-heading\">Transleader<\/h2>\n\n\n\n<p>O projeto TransLeader visa combinar as atividades de universidades e empresas para preparar um novo perfil de estudos pr\u00e1ticos em&nbsp;IA e IoT. Esta colabora\u00e7\u00e3o proporcionar\u00e1 solu\u00e7\u00f5es inovadoras para a aprendizagem dos estudantes e a forma\u00e7\u00e3o de especialistas na \u00e1rea.<\/p>\n\n\n\n<div class=\"wp-block-buttons is-layout-flex wp-block-buttons-is-layout-flex\">\n<div class=\"wp-block-button\"><a class=\"wp-block-button__link wp-element-button\" href=\"https:\/\/cisca.ualg.pt\/index.php\/projecto-transleader\/\">Saber mais<\/a><\/div>\n<\/div>\n<\/div>\n\n\n\n<div class=\"wp-block-column is-style-default has-light-background-background-color has-background is-layout-flow wp-block-column-is-layout-flow\" style=\"border-style:none;border-width:0px;padding-top:30px;padding-right:30px;padding-bottom:30px;padding-left:30px\">\n<figure class=\"wp-block-image aligncenter size-large is-resized\"><img loading=\"lazy\" decoding=\"async\" width=\"1024\" height=\"400\" src=\"https:\/\/cisca.ualg.pt\/wp-content\/uploads\/2024\/05\/STEAME-ACADEMY-LOGO_png-1024x400.png\" alt=\"\" class=\"wp-image-437\" style=\"width:320px;height:auto\" srcset=\"https:\/\/cisca.ualg.pt\/wp-content\/uploads\/2024\/05\/STEAME-ACADEMY-LOGO_png-1024x400.png 1024w, https:\/\/cisca.ualg.pt\/wp-content\/uploads\/2024\/05\/STEAME-ACADEMY-LOGO_png-300x117.png 300w, https:\/\/cisca.ualg.pt\/wp-content\/uploads\/2024\/05\/STEAME-ACADEMY-LOGO_png-768x300.png 768w, https:\/\/cisca.ualg.pt\/wp-content\/uploads\/2024\/05\/STEAME-ACADEMY-LOGO_png-1536x600.png 1536w, https:\/\/cisca.ualg.pt\/wp-content\/uploads\/2024\/05\/STEAME-ACADEMY-LOGO_png-2048x800.png 2048w\" sizes=\"auto, (max-width: 1024px) 100vw, 1024px\" \/><\/figure>\n\n\n\n<p><\/p>\n\n\n\n<h2 class=\"wp-block-heading\">STEAME Teacher Academy<\/h2>\n\n\n\n<p>As Academias de Facilitadores de Professores STEAME apoiar\u00e3o a forma\u00e7\u00e3o de professores de servi\u00e7o e a forma\u00e7\u00e3o de professores estudantes.  A abordagem proposta criar\u00e1 uma rede entre o ensino escolar e o ensino universit\u00e1rio e, possivelmente, a ind\u00fastria, trabalhando em conjunto como cocriadores para o desenvolvimento sustent\u00e1vel entre os prestadores de forma\u00e7\u00e3o de professores, com impacto na qualidade da educa\u00e7\u00e3o na Europa.<\/p>\n\n\n\n<div class=\"wp-block-buttons is-layout-flex wp-block-buttons-is-layout-flex\">\n<div class=\"wp-block-button\"><a class=\"wp-block-button__link wp-element-button\" href=\"https:\/\/cisca.ualg.pt\/index.php\/projeto-steame-teacher-academy\/\">Saber mais<gwmw style=\"display:none;\"><\/gwmw><gwmw style=\"display:none;\"><\/gwmw><\/a><\/div>\n<\/div>\n<\/div>\n<\/div>\n\n\n\n<div class=\"wp-block-columns is-layout-flex wp-container-core-columns-is-layout-28f84493 wp-block-columns-is-layout-flex\">\n<div class=\"wp-block-column is-style-default has-light-background-background-color has-background is-layout-flow wp-block-column-is-layout-flow\" style=\"border-style:none;border-width:0px;padding-top:30px;padding-right:30px;padding-bottom:30px;padding-left:30px\">\n<figure class=\"wp-block-image size-full\"><img loading=\"lazy\" decoding=\"async\" width=\"4798\" height=\"2699\" src=\"https:\/\/cisca.ualg.pt\/wp-content\/uploads\/2024\/07\/NONCONSPIRAHATE-4.png\" alt=\"\" class=\"wp-image-658\" srcset=\"https:\/\/cisca.ualg.pt\/wp-content\/uploads\/2024\/07\/NONCONSPIRAHATE-4.png 4798w, https:\/\/cisca.ualg.pt\/wp-content\/uploads\/2024\/07\/NONCONSPIRAHATE-4-300x169.png 300w, https:\/\/cisca.ualg.pt\/wp-content\/uploads\/2024\/07\/NONCONSPIRAHATE-4-1024x576.png 1024w, https:\/\/cisca.ualg.pt\/wp-content\/uploads\/2024\/07\/NONCONSPIRAHATE-4-768x432.png 768w, https:\/\/cisca.ualg.pt\/wp-content\/uploads\/2024\/07\/NONCONSPIRAHATE-4-1536x864.png 1536w, https:\/\/cisca.ualg.pt\/wp-content\/uploads\/2024\/07\/NONCONSPIRAHATE-4-2048x1152.png 2048w\" sizes=\"auto, (max-width: 4798px) 100vw, 4798px\" \/><\/figure>\n\n\n\n<h2 class=\"wp-block-heading\">NON-CONSPIRA-HATE!<\/h2>\n\n\n\n<p>O proyecto\u00a0<strong>NON-CONSPIRA-HATE!<\/strong>\u00a0tem como objetivo detetar e mapear automaticamente discursos de \u00f3dio nas redes sociais contra refugiados, imigrantes e pessoas LGBTI, assim como teor\u00edas de conspira\u00e7\u00e3o anti-vacinas do COVID-19. O projeto envolve investigadores de cinco pa\u00edses (Espanha, It\u00e1lia, Portugal, Argentina e Ecuador), e  visa comparar padr\u00f5es de comunica\u00e7\u00e3o nas redes sociais e as estrat\u00e9gias empregues por grupos extremistas que promovem o \u00f3dio, sob a hip\u00f3teses de que tanto os discursos de \u00f3dio como as teorias de conspirac\u00e3o t\u00eam por vezes ra\u00edzes comuns.\u00a0<\/p>\n\n\n\n<div class=\"wp-block-buttons is-layout-flex wp-block-buttons-is-layout-flex\">\n<div class=\"wp-block-button\"><a class=\"wp-block-button__link wp-element-button\" href=\"https:\/\/cisca.ualg.pt\/index.php\/projeto-non-conspira-hate\/\">Saber mais<\/a><\/div>\n<\/div>\n<\/div>\n\n\n\n<div class=\"wp-block-column is-style-default has-light-background-background-color has-background is-layout-flow wp-block-column-is-layout-flow\" style=\"border-style:none;border-width:0px;padding-top:30px;padding-right:30px;padding-bottom:30px;padding-left:30px\">\n<figure class=\"wp-block-image aligncenter size-large is-resized\"><img loading=\"lazy\" decoding=\"async\" width=\"1024\" height=\"504\" src=\"https:\/\/cisca.ualg.pt\/wp-content\/uploads\/2024\/07\/nothing-2-1024x504.png\" alt=\"\" class=\"wp-image-660\" style=\"width:352px;height:auto\" srcset=\"https:\/\/cisca.ualg.pt\/wp-content\/uploads\/2024\/07\/nothing-2-1024x504.png 1024w, https:\/\/cisca.ualg.pt\/wp-content\/uploads\/2024\/07\/nothing-2-300x148.png 300w, https:\/\/cisca.ualg.pt\/wp-content\/uploads\/2024\/07\/nothing-2-768x378.png 768w, https:\/\/cisca.ualg.pt\/wp-content\/uploads\/2024\/07\/nothing-2-1536x756.png 1536w, https:\/\/cisca.ualg.pt\/wp-content\/uploads\/2024\/07\/nothing-2-2048x1009.png 2048w\" sizes=\"auto, (max-width: 1024px) 100vw, 1024px\" \/><\/figure>\n\n\n\n<h2 class=\"wp-block-heading\">T\u00edtulo<\/h2>\n\n\n\n<p>Descri\u00e7\u00e3o<\/p>\n\n\n\n<div class=\"wp-block-buttons is-layout-flex wp-block-buttons-is-layout-flex\">\n<div class=\"wp-block-button\"><a class=\"wp-block-button__link wp-element-button\">Saber mais<\/a><\/div>\n<\/div>\n<\/div>\n\n\n\n<div class=\"wp-block-column is-style-default has-light-background-background-color has-background is-layout-flow wp-block-column-is-layout-flow\" style=\"border-style:none;border-width:0px;padding-top:30px;padding-right:30px;padding-bottom:30px;padding-left:30px\">\n<figure class=\"wp-block-image aligncenter size-large is-resized\"><img loading=\"lazy\" decoding=\"async\" width=\"1024\" height=\"504\" src=\"https:\/\/cisca.ualg.pt\/wp-content\/uploads\/2024\/07\/nothing-3-1024x504.png\" alt=\"\" class=\"wp-image-662\" style=\"width:348px;height:auto\" srcset=\"https:\/\/cisca.ualg.pt\/wp-content\/uploads\/2024\/07\/nothing-3-1024x504.png 1024w, https:\/\/cisca.ualg.pt\/wp-content\/uploads\/2024\/07\/nothing-3-300x148.png 300w, https:\/\/cisca.ualg.pt\/wp-content\/uploads\/2024\/07\/nothing-3-768x378.png 768w, https:\/\/cisca.ualg.pt\/wp-content\/uploads\/2024\/07\/nothing-3-1536x756.png 1536w, https:\/\/cisca.ualg.pt\/wp-content\/uploads\/2024\/07\/nothing-3-2048x1009.png 2048w\" sizes=\"auto, (max-width: 1024px) 100vw, 1024px\" \/><\/figure>\n\n\n\n<h2 class=\"wp-block-heading\">T\u00edtulo<\/h2>\n\n\n\n<p>Descri\u00e7\u00e3o<\/p>\n\n\n\n<div class=\"wp-block-buttons is-layout-flex wp-block-buttons-is-layout-flex\">\n<div class=\"wp-block-button\"><a class=\"wp-block-button__link wp-element-button\">Saber mais<gwmw style=\"display:none;\"><\/gwmw><gwmw style=\"display:none;\"><\/gwmw><\/a><\/div>\n<\/div>\n<\/div>\n<\/div>\n","protected":false},"excerpt":{"rendered":"<p>Embora seja um centro novo criado em 2023, o CISCA encontra-se desde j\u00e1 envolvido em v\u00e1rios projetos de investiga\u00e7\u00e3o nacionais e internacionais. Nesta sec\u00e7\u00e3o poder\u00e1 saber um pouco mais sobre os projetos em que estamos envolvidos. Os nossos projetos Foco na sa\u00fade e o bem-estar dos ambientes naturais Projeto ATTENTIA O Projeto ATTENTIA (Agricultura Sustent\u00e1vel [&hellip;]<\/p>\n","protected":false},"author":3,"featured_media":0,"parent":0,"menu_order":0,"comment_status":"closed","ping_status":"open","template":"","meta":{"_themeisle_gutenberg_block_has_review":false,"footnotes":""},"class_list":["post-179","page","type-page","status-publish","hentry"],"_links":{"self":[{"href":"https:\/\/cisca.ualg.pt\/index.php\/wp-json\/wp\/v2\/pages\/179","targetHints":{"allow":["GET"]}}],"collection":[{"href":"https:\/\/cisca.ualg.pt\/index.php\/wp-json\/wp\/v2\/pages"}],"about":[{"href":"https:\/\/cisca.ualg.pt\/index.php\/wp-json\/wp\/v2\/types\/page"}],"author":[{"embeddable":true,"href":"https:\/\/cisca.ualg.pt\/index.php\/wp-json\/wp\/v2\/users\/3"}],"replies":[{"embeddable":true,"href":"https:\/\/cisca.ualg.pt\/index.php\/wp-json\/wp\/v2\/comments?post=179"}],"version-history":[{"count":27,"href":"https:\/\/cisca.ualg.pt\/index.php\/wp-json\/wp\/v2\/pages\/179\/revisions"}],"predecessor-version":[{"id":674,"href":"https:\/\/cisca.ualg.pt\/index.php\/wp-json\/wp\/v2\/pages\/179\/revisions\/674"}],"wp:attachment":[{"href":"https:\/\/cisca.ualg.pt\/index.php\/wp-json\/wp\/v2\/media?parent=179"}],"curies":[{"name":"wp","href":"https:\/\/api.w.org\/{rel}","templated":true}]}}